{"id":3454,"date":"2025-04-23T15:56:09","date_gmt":"2025-04-23T15:56:09","guid":{"rendered":"https:\/\/jrs-racing.com\/?post_type=product&#038;p=3454"},"modified":"2025-04-29T14:53:50","modified_gmt":"2025-04-29T14:53:50","slug":"formule-premium","status":"publish","type":"product","link":"https:\/\/jrs-racing.com\/en\/product\/formule-premium\/","title":{"rendered":"Formule Premium"},"content":{"rendered":"<div class=\"elementor-element elementor-element-5a7d7d9 elementor-widget elementor-widget-text-editor\" data-id=\"5a7d7d9\" data-element_type=\"widget\" data-widget_type=\"text-editor.default\">\n<div class=\"elementor-widget-container\"><\/div>\n<\/div>\n<div class=\"elementor-element elementor-element-b62de14 elementor-icon-list--layout-traditional elementor-list-item-link-full_width elementor-widget elementor-widget-icon-list\" data-id=\"b62de14\" data-element_type=\"widget\" data-widget_type=\"icon-list.default\">\n<div class=\"elementor-widget-container\">\n<div class=\"elementor-element elementor-element-f61f58a elementor-icon-list--layout-traditional elementor-list-item-link-full_width elementor-widget elementor-widget-icon-list\" data-id=\"f61f58a\" data-element_type=\"widget\" data-widget_type=\"icon-list.default\">\n<div class=\"elementor-widget-container\">\n<div class=\"elementor-element elementor-element-ca92998 e-con-full e-flex e-con e-child\" data-particle_enable=\"false\" data-particle-mobile-disabled=\"false\" data-id=\"ca92998\" data-element_type=\"container\" data-settings=\"{&quot;background_background&quot;:&quot;classic&quot;}\">\n<div class=\"elementor-element elementor-element-692d2c3 elementor-widget__width-initial elementor-widget elementor-widget-text-editor\" data-id=\"692d2c3\" data-element_type=\"widget\" data-widget_type=\"text-editor.default\">\n<div class=\"elementor-widget-container\">\n<p>Inclus dans la formule :<\/p>\n<ul>\n<li>Syst\u00e8me Absorbent inclus : pi\u00e8ces, installation et tests en conditions r\u00e9elles<\/li>\n<li>Toutes les caract\u00e9ristiques de la formule Performance<\/li>\n<li>R\u00e9visions compl\u00e8te de vos suspensions (d\u00e9montage et montage sur v\u00e9lo inclus)<\/li>\n<li>Cadeau offert (1 pompe haute pression suspensions)<\/li>\n<\/ul>\n<div class=\"elementor-element elementor-element-fa726ab elementor-icon-list--layout-traditional elementor-list-item-link-full_width elementor-widget elementor-widget-icon-list\" data-id=\"fa726ab\" data-element_type=\"widget\" data-widget_type=\"icon-list.default\">\n<div class=\"elementor-widget-container\"><\/div>\n<\/div>\n<div class=\"elementor-element elementor-element-1db3290 elementor-icon-list--layout-traditional elementor-list-item-link-full_width elementor-widget elementor-widget-icon-list\" data-id=\"1db3290\" data-element_type=\"widget\" data-widget_type=\"icon-list.default\">\n<div class=\"elementor-widget-container\"><\/div>\n<\/div>\n<\/div>\n<\/div>\n<\/div>\n<\/div>\n<\/div>\n<div class=\"elementor-element elementor-element-091c06e elementor-icon-list--layout-traditional elementor-list-item-link-full_width elementor-widget elementor-widget-icon-list\" data-id=\"091c06e\" data-element_type=\"widget\" data-widget_type=\"icon-list.default\">\n<div class=\"elementor-widget-container\"><\/div>\n<\/div>\n<\/div>\n<\/div>\n","protected":false},"excerpt":{"rendered":"<div id=\"message-list_1745424000.984089\" class=\"c-virtual_list__item\" tabindex=\"0\" role=\"listitem\" aria-setsize=\"-1\" data-qa=\"virtual-list-item\" data-item-key=\"1745424000.984089\">\n<div class=\"c-message_kit__background c-message_kit__background--hovered p-message_pane_message__message c-message_kit__message\" role=\"presentation\" data-qa=\"message_container\" data-qa-unprocessed=\"false\" data-qa-placeholder=\"false\">\n<div class=\"c-message_kit__hover c-message_kit__hover--hovered\" role=\"document\" aria-roledescription=\"message\" data-qa-hover=\"true\">\n<div class=\"c-message_kit__actions c-message_kit__actions--default\">\n<div class=\"c-message_kit__gutter\">\n<div class=\"c-message_kit__gutter__right\" role=\"presentation\" data-qa=\"message_content\">\n<div class=\"c-message_kit__blocks c-message_kit__blocks--rich_text\">\n<div class=\"c-message__message_blocks c-message__message_blocks--rich_text\" data-qa=\"message-text\">\n<div class=\"p-block_kit_renderer\" data-qa=\"block-kit-renderer\">\n<div class=\"p-block_kit_renderer__block_wrapper p-block_kit_renderer__block_wrapper--first\">\n<div class=\"p-rich_text_block\" dir=\"auto\">\n<div class=\"p-rich_text_section\">Pens\u00e9e pour les riders exigeants qui veulent le meilleur de leur VTT gr\u00e2ce \u00e0 une pr\u00e9paration haut de gamme et ultra pr\u00e9cise.<\/div>\n<\/div>\n<\/div>\n<\/div>\n<\/div>\n<\/div>\n<\/div>\n<\/div>\n<\/div>\n<\/div>\n<\/div>\n<\/div>\n","protected":false},"featured_media":3790,"template":"","meta":{"_monsterinsights_skip_tracking":false,"_monsterinsights_sitenote_active":false,"_monsterinsights_sitenote_note":"","_monsterinsights_sitenote_category":0},"product_brand":[],"product_cat":[52],"product_tag":[],"class_list":{"0":"post-3454","1":"product","2":"type-product","3":"status-publish","4":"has-post-thumbnail","6":"product_cat-formules","8":"entry","9":"has-media","11":"first","12":"instock","13":"virtual","14":"taxable","15":"purchasable","16":"product-type-simple","17":"has-product-nav","18":"col","19":"span_1_of_3","20":"owp-content-center","21":"owp-thumbs-layout-horizontal","22":"owp-btn-normal","23":"owp-tabs-layout-horizontal","24":"has-no-thumbnails"},"yoast_head":"<!-- This site is optimized with the Yoast SEO plugin v27.3 - https:\/\/yoast.com\/product\/yoast-seo-wordpress\/ -->\n<title>Formule Premium - JRS RACING<\/title>\n<meta name=\"robots\" content=\"index, follow, max-snippet:-1, max-image-preview:large, max-video-preview:-1\" \/>\n<link rel=\"canonical\" href=\"https:\/\/jrs-racing.com\/en\/product\/formule-premium\/\" \/>\n<meta property=\"og:locale\" content=\"en_US\" \/>\n<meta property=\"og:type\" content=\"article\" \/>\n<meta property=\"og:title\" content=\"Formule Premium - JRS RACING\" \/>\n<meta property=\"og:description\" content=\"Pens\u00e9e pour les riders exigeants qui veulent le meilleur de leur VTT gr\u00e2ce \u00e0 une pr\u00e9paration haut de gamme et ultra pr\u00e9cise.\" \/>\n<meta property=\"og:url\" content=\"https:\/\/jrs-racing.com\/en\/product\/formule-premium\/\" \/>\n<meta property=\"og:site_name\" content=\"JRS RACING\" \/>\n<meta property=\"article:modified_time\" content=\"2025-04-29T14:53:50+00:00\" \/>\n<meta property=\"og:image\" content=\"https:\/\/jrs-racing.com\/wp-content\/uploads\/2025\/04\/formules-jrs.jpg\" \/>\n\t<meta property=\"og:image:width\" content=\"1080\" \/>\n\t<meta property=\"og:image:height\" content=\"1080\" \/>\n\t<meta property=\"og:image:type\" content=\"image\/jpeg\" \/>\n<meta name=\"twitter:card\" content=\"summary_large_image\" \/>\n<meta name=\"twitter:label1\" content=\"Est. reading time\" \/>\n\t<meta name=\"twitter:data1\" content=\"1 minute\" \/>\n<script type=\"application\/ld+json\" class=\"yoast-schema-graph\">{\"@context\":\"https:\\\/\\\/schema.org\",\"@graph\":[{\"@type\":\"WebPage\",\"@id\":\"https:\\\/\\\/jrs-racing.com\\\/en\\\/product\\\/formule-premium\\\/\",\"url\":\"https:\\\/\\\/jrs-racing.com\\\/en\\\/product\\\/formule-premium\\\/\",\"name\":\"Formule Premium - JRS RACING\",\"isPartOf\":{\"@id\":\"https:\\\/\\\/jrs-racing.com\\\/en\\\/#website\"},\"primaryImageOfPage\":{\"@id\":\"https:\\\/\\\/jrs-racing.com\\\/en\\\/product\\\/formule-premium\\\/#primaryimage\"},\"image\":{\"@id\":\"https:\\\/\\\/jrs-racing.com\\\/en\\\/product\\\/formule-premium\\\/#primaryimage\"},\"thumbnailUrl\":\"https:\\\/\\\/jrs-racing.com\\\/wp-content\\\/uploads\\\/2025\\\/04\\\/formules-jrs.jpg\",\"datePublished\":\"2025-04-23T15:56:09+00:00\",\"dateModified\":\"2025-04-29T14:53:50+00:00\",\"breadcrumb\":{\"@id\":\"https:\\\/\\\/jrs-racing.com\\\/en\\\/product\\\/formule-premium\\\/#breadcrumb\"},\"inLanguage\":\"en-US\",\"potentialAction\":[{\"@type\":\"ReadAction\",\"target\":[\"https:\\\/\\\/jrs-racing.com\\\/en\\\/product\\\/formule-premium\\\/\"]}]},{\"@type\":\"ImageObject\",\"inLanguage\":\"en-US\",\"@id\":\"https:\\\/\\\/jrs-racing.com\\\/en\\\/product\\\/formule-premium\\\/#primaryimage\",\"url\":\"https:\\\/\\\/jrs-racing.com\\\/wp-content\\\/uploads\\\/2025\\\/04\\\/formules-jrs.jpg\",\"contentUrl\":\"https:\\\/\\\/jrs-racing.com\\\/wp-content\\\/uploads\\\/2025\\\/04\\\/formules-jrs.jpg\",\"width\":1080,\"height\":1080},{\"@type\":\"BreadcrumbList\",\"@id\":\"https:\\\/\\\/jrs-racing.com\\\/en\\\/product\\\/formule-premium\\\/#breadcrumb\",\"itemListElement\":[{\"@type\":\"ListItem\",\"position\":1,\"name\":\"Accueil\",\"item\":\"https:\\\/\\\/jrs-racing.com\\\/en\\\/\"},{\"@type\":\"ListItem\",\"position\":2,\"name\":\"Boutique\",\"item\":\"https:\\\/\\\/jrs-racing.com\\\/?page_id=1484\"},{\"@type\":\"ListItem\",\"position\":3,\"name\":\"Formule Premium\"}]},{\"@type\":\"WebSite\",\"@id\":\"https:\\\/\\\/jrs-racing.com\\\/en\\\/#website\",\"url\":\"https:\\\/\\\/jrs-racing.com\\\/en\\\/\",\"name\":\"JRS RACING\",\"description\":\"Pr\u00e9paration, r\u00e9glages et  optimisations des suspensions VTT\",\"publisher\":{\"@id\":\"https:\\\/\\\/jrs-racing.com\\\/en\\\/#organization\"},\"potentialAction\":[{\"@type\":\"SearchAction\",\"target\":{\"@type\":\"EntryPoint\",\"urlTemplate\":\"https:\\\/\\\/jrs-racing.com\\\/en\\\/?s={search_term_string}\"},\"query-input\":{\"@type\":\"PropertyValueSpecification\",\"valueRequired\":true,\"valueName\":\"search_term_string\"}}],\"inLanguage\":\"en-US\"},{\"@type\":\"Organization\",\"@id\":\"https:\\\/\\\/jrs-racing.com\\\/en\\\/#organization\",\"name\":\"JRS RACING\",\"url\":\"https:\\\/\\\/jrs-racing.com\\\/en\\\/\",\"logo\":{\"@type\":\"ImageObject\",\"inLanguage\":\"en-US\",\"@id\":\"https:\\\/\\\/jrs-racing.com\\\/en\\\/#\\\/schema\\\/logo\\\/image\\\/\",\"url\":\"https:\\\/\\\/jrs-racing.com\\\/wp-content\\\/uploads\\\/2024\\\/08\\\/JRS-2-BLANC.png\",\"contentUrl\":\"https:\\\/\\\/jrs-racing.com\\\/wp-content\\\/uploads\\\/2024\\\/08\\\/JRS-2-BLANC.png\",\"width\":467,\"height\":252,\"caption\":\"JRS RACING\"},\"image\":{\"@id\":\"https:\\\/\\\/jrs-racing.com\\\/en\\\/#\\\/schema\\\/logo\\\/image\\\/\"}}]}<\/script>\n<!-- \/ Yoast SEO plugin. -->","yoast_head_json":{"title":"Formule Premium - JRS RACING","robots":{"index":"index","follow":"follow","max-snippet":"max-snippet:-1","max-image-preview":"max-image-preview:large","max-video-preview":"max-video-preview:-1"},"canonical":"https:\/\/jrs-racing.com\/en\/product\/formule-premium\/","og_locale":"en_US","og_type":"article","og_title":"Formule Premium - JRS RACING","og_description":"Pens\u00e9e pour les riders exigeants qui veulent le meilleur de leur VTT gr\u00e2ce \u00e0 une pr\u00e9paration haut de gamme et ultra pr\u00e9cise.","og_url":"https:\/\/jrs-racing.com\/en\/product\/formule-premium\/","og_site_name":"JRS RACING","article_modified_time":"2025-04-29T14:53:50+00:00","og_image":[{"width":1080,"height":1080,"url":"https:\/\/jrs-racing.com\/wp-content\/uploads\/2025\/04\/formules-jrs.jpg","type":"image\/jpeg"}],"twitter_card":"summary_large_image","twitter_misc":{"Est. reading time":"1 minute"},"schema":{"@context":"https:\/\/schema.org","@graph":[{"@type":"WebPage","@id":"https:\/\/jrs-racing.com\/en\/product\/formule-premium\/","url":"https:\/\/jrs-racing.com\/en\/product\/formule-premium\/","name":"Formule Premium - JRS RACING","isPartOf":{"@id":"https:\/\/jrs-racing.com\/en\/#website"},"primaryImageOfPage":{"@id":"https:\/\/jrs-racing.com\/en\/product\/formule-premium\/#primaryimage"},"image":{"@id":"https:\/\/jrs-racing.com\/en\/product\/formule-premium\/#primaryimage"},"thumbnailUrl":"https:\/\/jrs-racing.com\/wp-content\/uploads\/2025\/04\/formules-jrs.jpg","datePublished":"2025-04-23T15:56:09+00:00","dateModified":"2025-04-29T14:53:50+00:00","breadcrumb":{"@id":"https:\/\/jrs-racing.com\/en\/product\/formule-premium\/#breadcrumb"},"inLanguage":"en-US","potentialAction":[{"@type":"ReadAction","target":["https:\/\/jrs-racing.com\/en\/product\/formule-premium\/"]}]},{"@type":"ImageObject","inLanguage":"en-US","@id":"https:\/\/jrs-racing.com\/en\/product\/formule-premium\/#primaryimage","url":"https:\/\/jrs-racing.com\/wp-content\/uploads\/2025\/04\/formules-jrs.jpg","contentUrl":"https:\/\/jrs-racing.com\/wp-content\/uploads\/2025\/04\/formules-jrs.jpg","width":1080,"height":1080},{"@type":"BreadcrumbList","@id":"https:\/\/jrs-racing.com\/en\/product\/formule-premium\/#breadcrumb","itemListElement":[{"@type":"ListItem","position":1,"name":"Accueil","item":"https:\/\/jrs-racing.com\/en\/"},{"@type":"ListItem","position":2,"name":"Boutique","item":"https:\/\/jrs-racing.com\/?page_id=1484"},{"@type":"ListItem","position":3,"name":"Formule Premium"}]},{"@type":"WebSite","@id":"https:\/\/jrs-racing.com\/en\/#website","url":"https:\/\/jrs-racing.com\/en\/","name":"JRS RACING","description":"Pr\u00e9paration, r\u00e9glages et  optimisations des suspensions VTT","publisher":{"@id":"https:\/\/jrs-racing.com\/en\/#organization"},"potentialAction":[{"@type":"SearchAction","target":{"@type":"EntryPoint","urlTemplate":"https:\/\/jrs-racing.com\/en\/?s={search_term_string}"},"query-input":{"@type":"PropertyValueSpecification","valueRequired":true,"valueName":"search_term_string"}}],"inLanguage":"en-US"},{"@type":"Organization","@id":"https:\/\/jrs-racing.com\/en\/#organization","name":"JRS RACING","url":"https:\/\/jrs-racing.com\/en\/","logo":{"@type":"ImageObject","inLanguage":"en-US","@id":"https:\/\/jrs-racing.com\/en\/#\/schema\/logo\/image\/","url":"https:\/\/jrs-racing.com\/wp-content\/uploads\/2024\/08\/JRS-2-BLANC.png","contentUrl":"https:\/\/jrs-racing.com\/wp-content\/uploads\/2024\/08\/JRS-2-BLANC.png","width":467,"height":252,"caption":"JRS RACING"},"image":{"@id":"https:\/\/jrs-racing.com\/en\/#\/schema\/logo\/image\/"}}]}},"_links":{"self":[{"href":"https:\/\/jrs-racing.com\/en\/wp-json\/wp\/v2\/product\/3454","targetHints":{"allow":["GET"]}}],"collection":[{"href":"https:\/\/jrs-racing.com\/en\/wp-json\/wp\/v2\/product"}],"about":[{"href":"https:\/\/jrs-racing.com\/en\/wp-json\/wp\/v2\/types\/product"}],"wp:featuredmedia":[{"embeddable":true,"href":"https:\/\/jrs-racing.com\/en\/wp-json\/wp\/v2\/media\/3790"}],"wp:attachment":[{"href":"https:\/\/jrs-racing.com\/en\/wp-json\/wp\/v2\/media?parent=3454"}],"wp:term":[{"taxonomy":"product_brand","embeddable":true,"href":"https:\/\/jrs-racing.com\/en\/wp-json\/wp\/v2\/product_brand?post=3454"},{"taxonomy":"product_cat","embeddable":true,"href":"https:\/\/jrs-racing.com\/en\/wp-json\/wp\/v2\/product_cat?post=3454"},{"taxonomy":"product_tag","embeddable":true,"href":"https:\/\/jrs-racing.com\/en\/wp-json\/wp\/v2\/product_tag?post=3454"}],"curies":[{"name":"wp","href":"https:\/\/api.w.org\/{rel}","templated":true}]}}