{"id":2330,"date":"2025-03-21T16:36:15","date_gmt":"2025-03-21T16:36:15","guid":{"rendered":"https:\/\/jrs-racing.com\/?post_type=product&#038;p=2330"},"modified":"2025-04-29T14:54:23","modified_gmt":"2025-04-29T14:54:23","slug":"formule-essentiel","status":"publish","type":"product","link":"https:\/\/jrs-racing.com\/en\/product\/formule-essentiel\/","title":{"rendered":"Formule Essentiel"},"content":{"rendered":"<div class=\"elementor-element elementor-element-5a7d7d9 elementor-widget elementor-widget-text-editor\" data-id=\"5a7d7d9\" data-element_type=\"widget\" data-widget_type=\"text-editor.default\">\n<div class=\"elementor-widget-container\">\n<p>Inclus dans la formule<\/p>\n<\/div>\n<\/div>\n<div class=\"elementor-element elementor-element-b62de14 elementor-icon-list--layout-traditional elementor-list-item-link-full_width elementor-widget elementor-widget-icon-list\" data-id=\"b62de14\" data-element_type=\"widget\" data-widget_type=\"icon-list.default\">\n<div class=\"elementor-widget-container\">\n<ul class=\"elementor-icon-list-items\">\n<li class=\"elementor-icon-list-item\"><span class=\"elementor-icon-list-text\">Nettoyage, graissage joint spy et changement huile de fonctionnement de votre fourche pour optimiser la sensibilit\u00e9 avant test terrain<\/span><\/li>\n<li class=\"elementor-icon-list-item\"><span class=\"elementor-icon-list-text\">Contr\u00f4le des r\u00e9glages initiaux de votre v\u00e9lo (suspensions, pression pneus et positions du poste de pilotage)<\/span><\/li>\n<li class=\"elementor-icon-list-item\"><span class=\"elementor-icon-list-text\">R\u00e9glages et optimisations des suspensions et de votre poste de pilotage sur le terrain en compagnie de James, notre r\u00e9f\u00e9rent terrain. Circuit tous niveaux<\/span><\/li>\n<li class=\"elementor-icon-list-item\"><span class=\"elementor-icon-list-text\">Cadeau offert (flacon lub suspension basse friction)<\/span><\/li>\n<\/ul>\n<\/div>\n<\/div>\n","protected":false},"excerpt":{"rendered":"<div class=\"elementor-element elementor-element-3d80ca9 elementor-widget elementor-widget-text-editor\" data-id=\"3d80ca9\" data-element_type=\"widget\" data-widget_type=\"text-editor.default\">\n<div class=\"elementor-widget-container\">\n<p>Recommand\u00e9e pour les pilotes qui veulent optimiser l\u2019essentiel et gagner en confort d\u00e8s les premiers tours de roue.<\/p>\n<\/div>\n<\/div>\n","protected":false},"featured_media":3796,"template":"","meta":{"_monsterinsights_skip_tracking":false,"_monsterinsights_sitenote_active":false,"_monsterinsights_sitenote_note":"","_monsterinsights_sitenote_category":0},"product_brand":[],"product_cat":[52],"product_tag":[],"class_list":{"0":"post-2330","1":"product","2":"type-product","3":"status-publish","4":"has-post-thumbnail","6":"product_cat-formules","8":"entry","9":"has-media","11":"first","12":"instock","13":"virtual","14":"taxable","15":"purchasable","16":"product-type-simple","17":"has-product-nav","18":"col","19":"span_1_of_3","20":"owp-content-center","21":"owp-thumbs-layout-horizontal","22":"owp-btn-normal","23":"owp-tabs-layout-horizontal","24":"has-no-thumbnails"},"yoast_head":"<!-- This site is optimized with the Yoast SEO plugin v27.3 - https:\/\/yoast.com\/product\/yoast-seo-wordpress\/ -->\n<title>Formule Essentiel - JRS RACING<\/title>\n<meta name=\"robots\" content=\"index, follow, max-snippet:-1, max-image-preview:large, max-video-preview:-1\" \/>\n<link rel=\"canonical\" href=\"https:\/\/jrs-racing.com\/en\/product\/formule-essentiel\/\" \/>\n<meta property=\"og:locale\" content=\"en_US\" \/>\n<meta property=\"og:type\" content=\"article\" \/>\n<meta property=\"og:title\" content=\"Formule Essentiel - JRS RACING\" \/>\n<meta property=\"og:description\" content=\"Recommand\u00e9e pour les pilotes qui veulent optimiser l\u2019essentiel et gagner en confort d\u00e8s les premiers tours de roue.\" \/>\n<meta property=\"og:url\" content=\"https:\/\/jrs-racing.com\/en\/product\/formule-essentiel\/\" \/>\n<meta property=\"og:site_name\" content=\"JRS RACING\" \/>\n<meta property=\"article:modified_time\" content=\"2025-04-29T14:54:23+00:00\" \/>\n<meta property=\"og:image\" content=\"https:\/\/jrs-racing.com\/wp-content\/uploads\/2025\/03\/formules-jrs-ESS.jpg\" \/>\n\t<meta property=\"og:image:width\" content=\"1080\" \/>\n\t<meta property=\"og:image:height\" content=\"1080\" \/>\n\t<meta property=\"og:image:type\" content=\"image\/jpeg\" \/>\n<meta name=\"twitter:card\" content=\"summary_large_image\" \/>\n<meta name=\"twitter:label1\" content=\"Est. reading time\" \/>\n\t<meta name=\"twitter:data1\" content=\"1 minute\" \/>\n<script type=\"application\/ld+json\" class=\"yoast-schema-graph\">{\"@context\":\"https:\\\/\\\/schema.org\",\"@graph\":[{\"@type\":\"WebPage\",\"@id\":\"https:\\\/\\\/jrs-racing.com\\\/en\\\/product\\\/formule-essentiel\\\/\",\"url\":\"https:\\\/\\\/jrs-racing.com\\\/en\\\/product\\\/formule-essentiel\\\/\",\"name\":\"Formule Essentiel - JRS RACING\",\"isPartOf\":{\"@id\":\"https:\\\/\\\/jrs-racing.com\\\/en\\\/#website\"},\"primaryImageOfPage\":{\"@id\":\"https:\\\/\\\/jrs-racing.com\\\/en\\\/product\\\/formule-essentiel\\\/#primaryimage\"},\"image\":{\"@id\":\"https:\\\/\\\/jrs-racing.com\\\/en\\\/product\\\/formule-essentiel\\\/#primaryimage\"},\"thumbnailUrl\":\"https:\\\/\\\/jrs-racing.com\\\/wp-content\\\/uploads\\\/2025\\\/03\\\/formules-jrs-ESS.jpg\",\"datePublished\":\"2025-03-21T16:36:15+00:00\",\"dateModified\":\"2025-04-29T14:54:23+00:00\",\"breadcrumb\":{\"@id\":\"https:\\\/\\\/jrs-racing.com\\\/en\\\/product\\\/formule-essentiel\\\/#breadcrumb\"},\"inLanguage\":\"en-US\",\"potentialAction\":[{\"@type\":\"ReadAction\",\"target\":[\"https:\\\/\\\/jrs-racing.com\\\/en\\\/product\\\/formule-essentiel\\\/\"]}]},{\"@type\":\"ImageObject\",\"inLanguage\":\"en-US\",\"@id\":\"https:\\\/\\\/jrs-racing.com\\\/en\\\/product\\\/formule-essentiel\\\/#primaryimage\",\"url\":\"https:\\\/\\\/jrs-racing.com\\\/wp-content\\\/uploads\\\/2025\\\/03\\\/formules-jrs-ESS.jpg\",\"contentUrl\":\"https:\\\/\\\/jrs-racing.com\\\/wp-content\\\/uploads\\\/2025\\\/03\\\/formules-jrs-ESS.jpg\",\"width\":1080,\"height\":1080},{\"@type\":\"BreadcrumbList\",\"@id\":\"https:\\\/\\\/jrs-racing.com\\\/en\\\/product\\\/formule-essentiel\\\/#breadcrumb\",\"itemListElement\":[{\"@type\":\"ListItem\",\"position\":1,\"name\":\"Accueil\",\"item\":\"https:\\\/\\\/jrs-racing.com\\\/en\\\/\"},{\"@type\":\"ListItem\",\"position\":2,\"name\":\"Boutique\",\"item\":\"https:\\\/\\\/jrs-racing.com\\\/?page_id=1484\"},{\"@type\":\"ListItem\",\"position\":3,\"name\":\"Formule Essentiel\"}]},{\"@type\":\"WebSite\",\"@id\":\"https:\\\/\\\/jrs-racing.com\\\/en\\\/#website\",\"url\":\"https:\\\/\\\/jrs-racing.com\\\/en\\\/\",\"name\":\"JRS RACING\",\"description\":\"Pr\u00e9paration, r\u00e9glages et  optimisations des suspensions VTT\",\"publisher\":{\"@id\":\"https:\\\/\\\/jrs-racing.com\\\/en\\\/#organization\"},\"potentialAction\":[{\"@type\":\"SearchAction\",\"target\":{\"@type\":\"EntryPoint\",\"urlTemplate\":\"https:\\\/\\\/jrs-racing.com\\\/en\\\/?s={search_term_string}\"},\"query-input\":{\"@type\":\"PropertyValueSpecification\",\"valueRequired\":true,\"valueName\":\"search_term_string\"}}],\"inLanguage\":\"en-US\"},{\"@type\":\"Organization\",\"@id\":\"https:\\\/\\\/jrs-racing.com\\\/en\\\/#organization\",\"name\":\"JRS RACING\",\"url\":\"https:\\\/\\\/jrs-racing.com\\\/en\\\/\",\"logo\":{\"@type\":\"ImageObject\",\"inLanguage\":\"en-US\",\"@id\":\"https:\\\/\\\/jrs-racing.com\\\/en\\\/#\\\/schema\\\/logo\\\/image\\\/\",\"url\":\"https:\\\/\\\/jrs-racing.com\\\/wp-content\\\/uploads\\\/2024\\\/08\\\/JRS-2-BLANC.png\",\"contentUrl\":\"https:\\\/\\\/jrs-racing.com\\\/wp-content\\\/uploads\\\/2024\\\/08\\\/JRS-2-BLANC.png\",\"width\":467,\"height\":252,\"caption\":\"JRS RACING\"},\"image\":{\"@id\":\"https:\\\/\\\/jrs-racing.com\\\/en\\\/#\\\/schema\\\/logo\\\/image\\\/\"}}]}<\/script>\n<!-- \/ Yoast SEO plugin. -->","yoast_head_json":{"title":"Formule Essentiel - JRS RACING","robots":{"index":"index","follow":"follow","max-snippet":"max-snippet:-1","max-image-preview":"max-image-preview:large","max-video-preview":"max-video-preview:-1"},"canonical":"https:\/\/jrs-racing.com\/en\/product\/formule-essentiel\/","og_locale":"en_US","og_type":"article","og_title":"Formule Essentiel - JRS RACING","og_description":"Recommand\u00e9e pour les pilotes qui veulent optimiser l\u2019essentiel et gagner en confort d\u00e8s les premiers tours de roue.","og_url":"https:\/\/jrs-racing.com\/en\/product\/formule-essentiel\/","og_site_name":"JRS RACING","article_modified_time":"2025-04-29T14:54:23+00:00","og_image":[{"width":1080,"height":1080,"url":"https:\/\/jrs-racing.com\/wp-content\/uploads\/2025\/03\/formules-jrs-ESS.jpg","type":"image\/jpeg"}],"twitter_card":"summary_large_image","twitter_misc":{"Est. reading time":"1 minute"},"schema":{"@context":"https:\/\/schema.org","@graph":[{"@type":"WebPage","@id":"https:\/\/jrs-racing.com\/en\/product\/formule-essentiel\/","url":"https:\/\/jrs-racing.com\/en\/product\/formule-essentiel\/","name":"Formule Essentiel - JRS RACING","isPartOf":{"@id":"https:\/\/jrs-racing.com\/en\/#website"},"primaryImageOfPage":{"@id":"https:\/\/jrs-racing.com\/en\/product\/formule-essentiel\/#primaryimage"},"image":{"@id":"https:\/\/jrs-racing.com\/en\/product\/formule-essentiel\/#primaryimage"},"thumbnailUrl":"https:\/\/jrs-racing.com\/wp-content\/uploads\/2025\/03\/formules-jrs-ESS.jpg","datePublished":"2025-03-21T16:36:15+00:00","dateModified":"2025-04-29T14:54:23+00:00","breadcrumb":{"@id":"https:\/\/jrs-racing.com\/en\/product\/formule-essentiel\/#breadcrumb"},"inLanguage":"en-US","potentialAction":[{"@type":"ReadAction","target":["https:\/\/jrs-racing.com\/en\/product\/formule-essentiel\/"]}]},{"@type":"ImageObject","inLanguage":"en-US","@id":"https:\/\/jrs-racing.com\/en\/product\/formule-essentiel\/#primaryimage","url":"https:\/\/jrs-racing.com\/wp-content\/uploads\/2025\/03\/formules-jrs-ESS.jpg","contentUrl":"https:\/\/jrs-racing.com\/wp-content\/uploads\/2025\/03\/formules-jrs-ESS.jpg","width":1080,"height":1080},{"@type":"BreadcrumbList","@id":"https:\/\/jrs-racing.com\/en\/product\/formule-essentiel\/#breadcrumb","itemListElement":[{"@type":"ListItem","position":1,"name":"Accueil","item":"https:\/\/jrs-racing.com\/en\/"},{"@type":"ListItem","position":2,"name":"Boutique","item":"https:\/\/jrs-racing.com\/?page_id=1484"},{"@type":"ListItem","position":3,"name":"Formule Essentiel"}]},{"@type":"WebSite","@id":"https:\/\/jrs-racing.com\/en\/#website","url":"https:\/\/jrs-racing.com\/en\/","name":"JRS RACING","description":"Pr\u00e9paration, r\u00e9glages et  optimisations des suspensions VTT","publisher":{"@id":"https:\/\/jrs-racing.com\/en\/#organization"},"potentialAction":[{"@type":"SearchAction","target":{"@type":"EntryPoint","urlTemplate":"https:\/\/jrs-racing.com\/en\/?s={search_term_string}"},"query-input":{"@type":"PropertyValueSpecification","valueRequired":true,"valueName":"search_term_string"}}],"inLanguage":"en-US"},{"@type":"Organization","@id":"https:\/\/jrs-racing.com\/en\/#organization","name":"JRS RACING","url":"https:\/\/jrs-racing.com\/en\/","logo":{"@type":"ImageObject","inLanguage":"en-US","@id":"https:\/\/jrs-racing.com\/en\/#\/schema\/logo\/image\/","url":"https:\/\/jrs-racing.com\/wp-content\/uploads\/2024\/08\/JRS-2-BLANC.png","contentUrl":"https:\/\/jrs-racing.com\/wp-content\/uploads\/2024\/08\/JRS-2-BLANC.png","width":467,"height":252,"caption":"JRS RACING"},"image":{"@id":"https:\/\/jrs-racing.com\/en\/#\/schema\/logo\/image\/"}}]}},"_links":{"self":[{"href":"https:\/\/jrs-racing.com\/en\/wp-json\/wp\/v2\/product\/2330","targetHints":{"allow":["GET"]}}],"collection":[{"href":"https:\/\/jrs-racing.com\/en\/wp-json\/wp\/v2\/product"}],"about":[{"href":"https:\/\/jrs-racing.com\/en\/wp-json\/wp\/v2\/types\/product"}],"wp:featuredmedia":[{"embeddable":true,"href":"https:\/\/jrs-racing.com\/en\/wp-json\/wp\/v2\/media\/3796"}],"wp:attachment":[{"href":"https:\/\/jrs-racing.com\/en\/wp-json\/wp\/v2\/media?parent=2330"}],"wp:term":[{"taxonomy":"product_brand","embeddable":true,"href":"https:\/\/jrs-racing.com\/en\/wp-json\/wp\/v2\/product_brand?post=2330"},{"taxonomy":"product_cat","embeddable":true,"href":"https:\/\/jrs-racing.com\/en\/wp-json\/wp\/v2\/product_cat?post=2330"},{"taxonomy":"product_tag","embeddable":true,"href":"https:\/\/jrs-racing.com\/en\/wp-json\/wp\/v2\/product_tag?post=2330"}],"curies":[{"name":"wp","href":"https:\/\/api.w.org\/{rel}","templated":true}]}}